{"id":194,"date":"2023-07-11T16:24:07","date_gmt":"2023-07-11T14:24:07","guid":{"rendered":"http:\/\/mskosice.cz\/?page_id=194"},"modified":"2026-04-29T13:28:43","modified_gmt":"2026-04-29T11:28:43","slug":"jidelnicek","status":"publish","type":"page","link":"https:\/\/mskosice.cz\/?page_id=194","title":{"rendered":"J\u00eddeln\u00ed\u010dek"},"content":{"rendered":"\n<div data-wp-interactive=\"core\/file\" class=\"wp-block-file\"><object data-wp-bind--hidden=\"!state.hasPdfPreview\" hidden class=\"wp-block-file__embed\" data=\"https:\/\/mskosice.cz\/wp-content\/uploads\/2026\/04\/2109450461991_MAI02432.pdf\" type=\"application\/pdf\" style=\"width:100%;height:600px\" aria-label=\"Vlo\u017eit z 2109450461991_MAI02432.\"><\/object><a id=\"wp-block-file--media-eb6b6614-6550-4695-bd0c-1709a7fbcaec\" href=\"https:\/\/mskosice.cz\/wp-content\/uploads\/2026\/04\/2109450461991_MAI02432.pdf\">2109450461991_MAI02432<\/a><a href=\"https:\/\/mskosice.cz\/wp-content\/uploads\/2026\/04\/2109450461991_MAI02432.pdf\" class=\"wp-block-file__button wp-element-button\" download aria-describedby=\"wp-block-file--media-eb6b6614-6550-4695-bd0c-1709a7fbcaec\">St\u00e1hnout<\/a><\/div>\n\n\n\n<div data-wp-interactive=\"core\/file\" class=\"wp-block-file\"><object data-wp-bind--hidden=\"!state.hasPdfPreview\" hidden class=\"wp-block-file__embed\" data=\"https:\/\/mskosice.cz\/wp-content\/uploads\/2026\/04\/2808420678702_MAI02437.pdf\" type=\"application\/pdf\" style=\"width:100%;height:600px\" aria-label=\"Vlo\u017eit z 2808420678702_MAI02437.\"><\/object><a id=\"wp-block-file--media-d94bfa77-e2ed-475c-a377-65416e3c5e56\" href=\"https:\/\/mskosice.cz\/wp-content\/uploads\/2026\/04\/2808420678702_MAI02437.pdf\">2808420678702_MAI02437<\/a><a href=\"https:\/\/mskosice.cz\/wp-content\/uploads\/2026\/04\/2808420678702_MAI02437.pdf\" class=\"wp-block-file__button wp-element-button\" download aria-describedby=\"wp-block-file--media-d94bfa77-e2ed-475c-a377-65416e3c5e56\">St\u00e1hnout<\/a><\/div>\n\n\n\n<div data-wp-interactive=\"core\/file\" class=\"wp-block-file\"><object data-wp-bind--hidden=\"!state.hasPdfPreview\" hidden class=\"wp-block-file__embed\" data=\"https:\/\/mskosice.cz\/wp-content\/uploads\/2026\/04\/2812530279612_MAI02442.pdf\" type=\"application\/pdf\" style=\"width:100%;height:600px\" aria-label=\"Vlo\u017eit z 2812530279612_MAI02442.\"><\/object><a id=\"wp-block-file--media-eead028b-f62b-4a09-805e-8794859c60aa\" href=\"https:\/\/mskosice.cz\/wp-content\/uploads\/2026\/04\/2812530279612_MAI02442.pdf\">2812530279612_MAI02442<\/a><a href=\"https:\/\/mskosice.cz\/wp-content\/uploads\/2026\/04\/2812530279612_MAI02442.pdf\" class=\"wp-block-file__button wp-element-button\" download aria-describedby=\"wp-block-file--media-eead028b-f62b-4a09-805e-8794859c60aa\">St\u00e1hnout<\/a><\/div>\n","protected":false},"excerpt":{"rendered":"","protected":false},"author":1,"featured_media":0,"parent":11,"menu_order":0,"comment_status":"closed","ping_status":"closed","template":"","meta":{"footnotes":""},"class_list":["post-194","page","type-page","status-publish","hentry"],"_links":{"self":[{"href":"https:\/\/mskosice.cz\/index.php?rest_route=\/wp\/v2\/pages\/194","targetHints":{"allow":["GET"]}}],"collection":[{"href":"https:\/\/mskosice.cz\/index.php?rest_route=\/wp\/v2\/pages"}],"about":[{"href":"https:\/\/mskosice.cz\/index.php?rest_route=\/wp\/v2\/types\/page"}],"author":[{"embeddable":true,"href":"https:\/\/mskosice.cz\/index.php?rest_route=\/wp\/v2\/users\/1"}],"replies":[{"embeddable":true,"href":"https:\/\/mskosice.cz\/index.php?rest_route=%2Fwp%2Fv2%2Fcomments&post=194"}],"version-history":[{"count":241,"href":"https:\/\/mskosice.cz\/index.php?rest_route=\/wp\/v2\/pages\/194\/revisions"}],"predecessor-version":[{"id":6236,"href":"https:\/\/mskosice.cz\/index.php?rest_route=\/wp\/v2\/pages\/194\/revisions\/6236"}],"up":[{"embeddable":true,"href":"https:\/\/mskosice.cz\/index.php?rest_route=\/wp\/v2\/pages\/11"}],"wp:attachment":[{"href":"https:\/\/mskosice.cz\/index.php?rest_route=%2Fwp%2Fv2%2Fmedia&parent=194"}],"curies":[{"name":"wp","href":"https:\/\/api.w.org\/{rel}","templated":true}]}}