{"id":182,"date":"2023-07-11T15:58:13","date_gmt":"2023-07-11T13:58:13","guid":{"rendered":"http:\/\/mskosice.cz\/?page_id=182"},"modified":"2023-07-11T15:58:13","modified_gmt":"2023-07-11T13:58:13","slug":"prohlaseni-o-pristupnosti-webove-prezentace-materske-skoly-kosice","status":"publish","type":"page","link":"http:\/\/mskosice.cz\/?page_id=182","title":{"rendered":"Prohl\u00e1\u0161en\u00ed o p\u0159\u00edstupnosti webov\u00e9 prezentace mate\u0159sk\u00e9 \u0161koly Kosice"},"content":{"rendered":"\n<p>Obec Kosice a M\u0160 Koisce se&nbsp;zavazuje k&nbsp;zp\u0159\u00edstupn\u011bn\u00ed sv\u00fdch internetov\u00fdch str\u00e1nek v&nbsp;souladu se&nbsp;z\u00e1konem \u010d.&nbsp;99\/2019&nbsp;Sb., o&nbsp;p\u0159\u00edstupnosti internetov\u00fdch str\u00e1nek a&nbsp;mobiln\u00edch aplikac\u00ed a&nbsp;o&nbsp;zm\u011bn\u011b z\u00e1kona \u010d.&nbsp;365\/2000&nbsp;Sb., o&nbsp;informa\u010dn\u00edch syst\u00e9mech ve\u0159ejn\u00e9 spr\u00e1vy a&nbsp;o&nbsp;zm\u011bn\u011b n\u011bkter\u00fdch dal\u0161\u00edch z\u00e1kon\u016f, ve&nbsp;zn\u011bn\u00ed pozd\u011bj\u0161\u00edch p\u0159edpis\u016f, kter\u00fd prov\u00e1d\u00ed Sm\u011brnici Evropsk\u00e9ho parlamentu a&nbsp;Rady (EU) 2016\/2102 ze&nbsp;dne 26.&nbsp;\u0159\u00edjna&nbsp;2016&nbsp;o&nbsp;p\u0159\u00edstupnosti webov\u00fdch str\u00e1nek a&nbsp;mobiln\u00edch aplikac\u00ed.<\/p>\n\n\n\n<p>Prohl\u00e1\u0161en\u00ed p\u0159\u00edstupnosti se&nbsp;vztahuje na&nbsp;n\u00e1sleduj\u00edc\u00ed internetov\u00e9 str\u00e1nky:<\/p>\n\n\n\n<ul class=\"wp-block-list\">\n<li>skolka.kosice.cz<\/li>\n<\/ul>\n\n\n\n<h3 class=\"wp-block-heading\">Struktura informac\u00ed<\/h3>\n\n\n\n<p>Struktura informac\u00ed na&nbsp;str\u00e1nk\u00e1ch byla vytvo\u0159ena podle specifikace&nbsp;W3C&nbsp;HTML&nbsp;5&nbsp;a&nbsp;vizu\u00e1ln\u011b naform\u00e1tov\u00e1na kask\u00e1dov\u00fdmi styly (CSS&nbsp;3) \u2013 vzhled str\u00e1nek a&nbsp;jejich funk\u010dnost jsou pod\u0159\u00edzeny mo\u017enostem handicapovan\u00fdch u\u017eivatel\u016f. Dodr\u017een\u00ed v\u00fd\u0161e zm\u00edn\u011bn\u00fdch norem by m\u011blo zajistit spr\u00e1vn\u00e9 zobrazen\u00ed obsahu str\u00e1nek ve&nbsp;v\u011bt\u0161in\u011b pou\u017e\u00edvan\u00fdch prohl\u00ed\u017ee\u010d\u016f a&nbsp;na&nbsp;v\u011bt\u0161in\u011b zobrazovac\u00edch za\u0159\u00edzen\u00ed.<\/p>\n\n\n\n<h3 class=\"wp-block-heading\">Stav souladu<\/h3>\n\n\n\n<p>Uveden\u00e9 internetov\u00e9 str\u00e1nky jsou \u010d\u00e1ste\u010dn\u011b v&nbsp;souladu s&nbsp;EN&nbsp;301&nbsp;549&nbsp;V2&nbsp;1.2 a&nbsp;standardem&nbsp;WCAG&nbsp;2.1 z&nbsp;d\u016fvodu nedostate\u010dn\u011b p\u0159\u00edstupn\u00e9ho obsahu anebo v\u00fdjimek uveden\u00fdch n\u00ed\u017ee.<\/p>\n\n\n\n<h3 class=\"wp-block-heading\">Popis pou\u017e\u00edvan\u00fdch nestandardn\u00edch form\u00e1t\u016f dat<\/h3>\n\n\n\n<p>Ve webov\u00e9 prezentaci obce Kosice jsou n\u011bkter\u00e9 informace dostupn\u00e9 v jin\u00e9 ne\u017e textov\u00e9 \u010di hypertextov\u00e9 form\u011b.<\/p>\n\n\n\n<p>Dokumenty se mohou vyskytnout v t\u011bchto form\u00e1tech:<\/p>\n\n\n\n<ul class=\"wp-block-list\">\n<li>PDF &#8211; pro tento form\u00e1t je voln\u011b ke sta\u017een\u00ed prohl\u00ed\u017ee\u010d&nbsp;<a href=\"http:\/\/www.adobe.com\/cz\/\">Adobe Acrobat Reader<\/a><\/li>\n\n\n\n<li>DOC,&nbsp; DOCX, XLS, XLSX, PPT, PPTX&nbsp;&#8211; spole\u010dnost Microsoft poskytuje ke sv\u00fdm produkt\u016fm \u0159ady Office voln\u011b ke sta\u017een\u00ed prohl\u00ed\u017ee\u010de Word Viewer, Excel Viewer, PowerPoint.<\/li>\n\n\n\n<li>RTF &#8211; dok\u00e1\u017ee zobrazit a editovat v\u011bt\u0161ina b\u011b\u017en\u011b dostupn\u00fdch textov\u00fdch editor\u016f.<\/li>\n\n\n\n<li>ZIP &#8211; komprimovan\u00e9 dokumenty. Dekomprimaci obsahu je mo\u017eno prov\u00e9st libovoln\u00fdm programov\u00fdm n\u00e1strojem ur\u010den\u00fdm pro dekomprimaci.<\/li>\n\n\n\n<li>FLV &#8211; Flash Video. Plugin pro internetov\u00e9 prohl\u00ed\u017ee\u010de je voln\u011b ke sta\u017een\u00ed &#8211;&nbsp;<a href=\"http:\/\/www.stahuj.centrum.cz\/grafika_a_design\/animace\/flashplayer\/\">Adobe Flash Player<\/a>&nbsp;a dal\u0161\u00ed<\/li>\n\n\n\n<li>WMV &#8211; Windows Media Video. Mezi software, kter\u00fd m\u016f\u017ee tyto soubory p\u0159ehr\u00e1t pat\u0159\u00ed nap\u0159. voln\u011b sta\u017eiteln\u00e9:&nbsp;<a href=\"http:\/\/www.microsoft.com\/windows\/windowsmedia\/cs\/player\/download\/download.aspx\">Windows Media Player<\/a>,&nbsp;<a href=\"http:\/\/www.slunecnice.cz\/sw\/media-player-classic\/\">Media Player Classic<\/a><\/li>\n\n\n\n<li>FO, ZFO &#8211;&nbsp;<a href=\"http:\/\/www.602.cz\/602xml\/download_602xml_filler\">602XML Filler<\/a>&nbsp;&#8211; je aplikace pro vypl\u0148ov\u00e1n\u00ed inteligentn\u00edch formul\u00e1\u0159\u016f 602XML. Jedn\u00e1 se o voln\u011b \u0161i\u0159iteln\u00fd a v \u010cesk\u00e9 republice ji\u017e v\u0161eobecn\u011b roz\u0161\u00ed\u0159en\u00fd n\u00e1stroj.<\/li>\n<\/ul>\n\n\n\n<p>Va\u0161e n\u00e1m\u011bty, post\u0159ehy \u010di informace o probl\u00e9mech, na kter\u00e9 naraz\u00edte p\u0159i pou\u017e\u00edv\u00e1n\u00ed tohoto webu m\u016f\u017eete poslat na adresu&nbsp;<a href=\"mailto:obec@kosice.cz\">obec@kosice.cz<\/a><\/p>\n\n\n\n<h3 class=\"wp-block-heading\">Vypracov\u00e1n\u00ed prohl\u00e1\u0161en\u00ed o&nbsp;p\u0159\u00edstupnosti<\/h3>\n\n\n\n<ul class=\"wp-block-list\">\n<li>Prohl\u00e1\u0161en\u00ed o&nbsp;p\u0159\u00edstupnosti bylo vypracov\u00e1no dne 21.8.2019<\/li>\n\n\n\n<li>Prohl\u00e1\u0161en\u00ed o&nbsp;p\u0159\u00edstupnosti bylo revidov\u00e1no dne 25.9.2019<\/li>\n<\/ul>\n\n\n\n<p>Toto prohl\u00e1\u0161en\u00ed bylo vypracov\u00e1no posouzen\u00edm proveden\u00fdm t\u0159et\u00ed stranou \u2013 technick\u00fdm provozovatelem t\u011bchto internetov\u00fdch str\u00e1nek. Pro&nbsp;vypracov\u00e1n\u00ed prohl\u00e1\u0161en\u00ed byl pou\u017eit z\u00e1kon \u010d.&nbsp;99\/2019&nbsp;Sb., a&nbsp;metodick\u00fd pokyn MV\u010cR k&nbsp;tomuto z\u00e1konu, normy EN&nbsp;301&nbsp;549&nbsp;V2&nbsp;1.2 a&nbsp;mezin\u00e1rodn\u011b uzn\u00e1van\u00e9mu standardu Web Content Accessibility Guidelines \u2013 WCAG&nbsp;2.1.<\/p>\n\n\n\n<h3 class=\"wp-block-heading\">Postupy pro&nbsp;prosazov\u00e1n\u00ed pr\u00e1va<\/h3>\n\n\n\n<p>V&nbsp;p\u0159\u00edpad\u011b, \u017ee&nbsp;V\u00e1m nebyla poskytnuta odpov\u011b\u010f nebo poskytnut\u00e1 odpov\u011b\u010f je neadekv\u00e1tn\u00ed \u010di neuspokojiv\u00e1 v&nbsp;souvislosti s&nbsp;Va\u0161\u00ed \u017e\u00e1dost\u00ed \u010di ozn\u00e1men\u00edm ohledn\u011b p\u0159\u00edstupnosti internetov\u00fdch str\u00e1nek nebo webov\u00e9 aplikace, kontaktujte p\u0159\u00edslu\u0161n\u00fd org\u00e1n pro&nbsp;prosazov\u00e1n\u00ed pr\u00e1va:<\/p>\n\n\n\n<p>Ministerstvo vnitra<br>odbor eGovernmentu<br>n\u00e1m\u011bst\u00ed Hrdin\u016f 1634\/3<br>140&nbsp;21&nbsp;Praha 4<\/p>\n\n\n\n<p>e-mail:&nbsp;<a href=\"mailto:pristupnost@mvcr.cz\">pristupnost@mvcr.cz<\/a><\/p>\n\n\n\n<h3 class=\"wp-block-heading\">Prohl\u00e1\u0161en\u00ed provozovatele internetov\u00fdch str\u00e1nek<\/h3>\n\n\n\n<p>Tyto internetov\u00e9 str\u00e1nky provozuje Mate\u0159sk\u00e1 \u0161kola Kosice. Internetov\u00e9 str\u00e1nky vyu\u017e\u00edvaj\u00ed redak\u010dn\u00ed syst\u00e9m Joomla, kter\u00fd je poskytov\u00e1n pod&nbsp;<a href=\"http:\/\/www.gnu.org\/copyleft\/gpl.html\">GNU General Public License<\/a>..<\/p>\n\n\n\n<p>Spr\u00e1vcem ve\u0161ker\u00e9ho obsahu je Mate\u0159sk\u00e1 Kosice se&nbsp;s\u00eddlem Kosice 66, 50351 Chlumec nad Cidlinou. Ve\u0161ker\u00e9 osobn\u00ed \u00fadaje n\u00e1v\u0161t\u011bvn\u00edk\u016f internetov\u00fdch str\u00e1nek, kter\u00e9 jsou prost\u0159ednictv\u00edm t\u011bchto internetov\u00fdch str\u00e1nek poskytov\u00e1ny, jsou spravov\u00e1ny v\u00fdlu\u010dn\u011b spr\u00e1vcem obsahu webu.<\/p>\n\n\n\n<h3 class=\"wp-block-heading\" id=\"zou\">Zpracov\u00e1n\u00ed osobn\u00edch \u00fadaj\u016f<\/h3>\n\n\n\n<p>Pro \u00fasp\u011b\u0161n\u00e9 vyu\u017e\u00edv\u00e1n\u00ed slu\u017eeb, kter\u00e9 tato webov\u00e1 str\u00e1nka nab\u00edz\u00ed, v n\u011bkter\u00fdch p\u0159\u00edpadech pot\u0159ebujeme zpracov\u00e1vat osobn\u00ed \u00fadaje u\u017eivatel\u016f.<\/p>\n\n\n\n<p>Toto zpracov\u00e1v\u00e1n\u00ed podl\u00e9h\u00e1 na\u0159\u00edzen\u00ed Evropsk\u00e9ho parlamentu a Rady 2016\/679 ze dne 27. dubna 2016 o ochran\u011b fyzick\u00fdch osob v souvislosti se zpracov\u00e1n\u00edm osobn\u00edch \u00fadaj\u016f a o voln\u00e9m pohybu t\u011bchto \u00fadaj\u016f a o zru\u0161en\u00ed sm\u011brnice 95\/46\/ES (obecn\u00e9 na\u0159\u00edzen\u00ed o ochran\u011b osobn\u00edch \u00fadaj\u016f). Zn\u00e1m\u00e9 tak\u00e9 jako &#8222;GDPR&#8220;.<\/p>\n\n\n\n<h4 class=\"wp-block-heading\">Slu\u017eby vyu\u017e\u00edvaj\u00edc\u00ed osobn\u00ed \u00fadaje<\/h4>\n\n\n\n<p>Uveden\u00e9 osobn\u00ed \u00fadaje zpracov\u00e1v\u00e1me pouze pro \u00fa\u010dely n\u00ed\u017ee popsan\u00e9. Osobn\u00ed (ani \u017e\u00e1dn\u00e9 jin\u00e9) \u00fadaje nezpracov\u00e1v\u00e1me pro pot\u0159eby c\u00edlen\u00e9ho nab\u00edzen\u00ed zbo\u017e\u00ed nebo slu\u017eeb. Osobn\u00ed \u00fadaje neprod\u00e1v\u00e1me ani neposkytujeme t\u0159et\u00edm stran\u00e1m. Souhlas pova\u017eujeme za platn\u00fd do jeho odvol\u00e1n\u00ed, viz n\u00ed\u017ee.<\/p>\n\n\n\n<h4 class=\"wp-block-heading\">Odb\u011br novinek e-mailem<\/h4>\n\n\n\n<p>Pro vyu\u017e\u00edv\u00e1n\u00ed slu\u017eby odb\u011bru novinek e-mailem (abonentn\u00ed syst\u00e9m) pot\u0159ebujeme zn\u00e1t Va\u0161i e-mailovou adresu. Tento \u00fadaj neuv\u00e1d\u00edme ve\u0159ejn\u011b a slou\u017e\u00ed pouze pro pot\u0159eby odes\u00edl\u00e1n\u00ed e-mail\u016f s novinkami.<\/p>\n\n\n\n<h4 class=\"wp-block-heading\">Webov\u00e9 formul\u00e1\u0159e<\/h4>\n\n\n\n<p>P\u0159i odes\u00edl\u00e1n\u00ed webov\u00fdch formul\u00e1\u0159\u016f na t\u00e9to webov\u00e9 str\u00e1nce ukl\u00e1d\u00e1me Va\u0161i e-mailovou adresu jako kontaktn\u00ed \u00fadaj pro odpov\u011bdi. Tento \u00fadaj neuv\u00e1d\u00edme ve\u0159ejn\u011b.<\/p>\n\n\n\n<p>Webov\u00e9 formul\u00e1\u0159e mohou pro \u00fasp\u011b\u0161n\u00e9 odesl\u00e1n\u00ed po\u017eadovat dal\u0161\u00ed osobn\u00ed \u00fadaje. V takov\u00fdch p\u0159\u00edpadech tyto \u00fadaje zpracov\u00e1v\u00e1me pouze pro pot\u0159eby vyhodnocen\u00ed formul\u00e1\u0159e a neuv\u00e1d\u00edme je ve\u0159ejn\u011b.<\/p>\n\n\n\n<h3 class=\"wp-block-heading\" id=\"cookies\">Prohl\u00e1\u0161en\u00ed o pou\u017eit\u00ed cookies<\/h3>\n\n\n\n<p>Tyto webov\u00e9 str\u00e1nky ukl\u00e1daj\u00ed v souladu se z\u00e1kony na va\u0161e za\u0159\u00edzen\u00ed soubory, obecn\u011b naz\u00fdvan\u00e9 cookies.<\/p>\n\n\n\n<h4 class=\"wp-block-heading\">Co jsou cookies?<\/h4>\n\n\n\n<p>Cookies jsou mal\u00e9 datov\u00e9 soubory, d\u00edky kter\u00fdm si nav\u0161t\u00edven\u00e9 webov\u00e9 str\u00e1nky pamatuj\u00ed va\u0161e \u00fakony a nastaven\u00ed, kter\u00e9 jste na nich provedli, tak\u017ee tyto \u00fadaje nemus\u00edte zad\u00e1vat opakovan\u011b. Cookies nep\u0159edstavuj\u00ed nebezpe\u010d\u00ed, maj\u00ed v\u0161ak v\u00fdznam pro ochranu soukrom\u00ed. Cookies nelze pou\u017e\u00edt pro zji\u0161t\u011bn\u00ed toto\u017enosti n\u00e1v\u0161t\u011bvn\u00edk\u016f str\u00e1nek ani ke zneu\u017eit\u00ed p\u0159ihla\u0161ovac\u00edch \u00fadaj\u016f.<\/p>\n\n\n\n<h4 class=\"wp-block-heading\">Jak\u00e9 cookies pou\u017e\u00edv\u00e1me?<\/h4>\n\n\n\n<p>Pou\u017e\u00edv\u00e1me cookies nap\u0159\u00edklad pro zachov\u00e1n\u00ed p\u0159epnut\u00ed zobrazen\u00ed z mobiln\u00edch za\u0159\u00edzen\u00ed do PC verze webu, pro kontrolu hlasov\u00e1n\u00ed v anket\u00e1ch a dal\u0161\u00ed pro zachov\u00e1n\u00ed va\u0161ich preferenc\u00ed p\u0159i prohl\u00ed\u017een\u00ed t\u011bchto webov\u00fdch str\u00e1nek. Podrobn\u011bj\u0161\u00ed informace z\u00edsk\u00e1te na n\u00ed\u017ee uveden\u00e9m kontaktu na spr\u00e1vce webu.<\/p>\n\n\n\n<p>D\u00e1le pou\u017e\u00edv\u00e1me cookies t\u0159et\u00edch stran (nap\u0159. Google Analytics pro anal\u00fdzu n\u00e1v\u0161t\u011bvnosti). Tyto cookies jsou \u0159\u00edzeny t\u0159et\u00edmi stranami a nem\u00e1me p\u0159\u00edstup ke \u010dten\u00ed nebo z\u00e1pisu t\u011bchto dat.<\/p>\n\n\n\n<h4 class=\"wp-block-heading\">Cookies t\u0159et\u00edch stran<\/h4>\n\n\n\n<p>Tento web vyu\u017e\u00edv\u00e1 Google ReCaptcha v3 jako ochranu p\u0159ed automatizovan\u00fdmi p\u0159\u00edstupy a mo\u017en\u00e9mu napaden\u00ed roboty.<\/p>\n\n\n\n<h4 class=\"wp-block-heading\">Souhlas s ukl\u00e1d\u00e1n\u00edm cookies<\/h4>\n\n\n\n<p>V\u011bt\u0161ina prohl\u00ed\u017ee\u010d\u016f cookies automaticky akceptuje, pokud nen\u00ed prohl\u00ed\u017ee\u010d nastaven jinak. Pou\u017e\u00edv\u00e1n\u00edm t\u011bchto webov\u00fdch str\u00e1nek souhlas\u00edte s ukl\u00e1d\u00e1n\u00edm soubor\u016f cookies. Pou\u017eit\u00ed cookies m\u016f\u017eete omezit nebo zablokovat v nastaven\u00ed sv\u00e9ho webov\u00e9ho prohl\u00ed\u017ee\u010de. Informace o nastaven\u00ed konkr\u00e9tn\u00edho prohl\u00ed\u017ee\u010de naleznete na uveden\u00fdch adres\u00e1ch:<\/p>\n\n\n\n<ul class=\"wp-block-list\">\n<li>Internet Explorer:&nbsp;<a href=\"http:\/\/windows.microsoft.com\/\">windows.microsoft.com<\/a><\/li>\n\n\n\n<li>Google Chrome:&nbsp;<a href=\"https:\/\/support.google.com\/\">support.google.com<\/a><\/li>\n\n\n\n<li>Mozilla Firefox:&nbsp;<a href=\"https:\/\/support.mozilla.org\/\">support.mozilla.org<\/a><\/li>\n\n\n\n<li>Opera:&nbsp;<a href=\"http:\/\/help.opera.com\/\">help.opera.com<\/a><\/li>\n\n\n\n<li>Safari:&nbsp;<a href=\"https:\/\/support.apple.com\/\">support.apple.com<\/a><\/li>\n<\/ul>\n\n\n\n<h3 class=\"wp-block-heading\" id=\"googleAnalytics\">Prohl\u00e1\u0161en\u00ed k u\u017eit\u00ed Google Translate<\/h3>\n\n\n\n<p>Pokud je k p\u0159ekladu str\u00e1nek pou\u017eit p\u0159eklada\u010d Google, \u0159\u00edd\u00ed se jeho u\u017eit\u00ed podm\u00ednkami Google Inc.: Viz&nbsp;<a href=\"http:\/\/www.google.com\/intl\/cs\/policies\/\">http:\/\/www.google.com\/intl\/cs\/policies<\/a>.<\/p>\n","protected":false},"excerpt":{"rendered":"<p>Obec Kosice a M\u0160 Koisce se&nbsp;zavazuje k&nbsp;zp\u0159\u00edstupn\u011bn\u00ed sv\u00fdch internetov\u00fdch str\u00e1nek v&nbsp;souladu se&nbsp;z\u00e1konem \u010d.&nbsp;99\/2019&nbsp;Sb., o&nbsp;p\u0159\u00edstupnosti internetov\u00fdch str\u00e1nek a&nbsp;mobiln\u00edch aplikac\u00ed a&nbsp;o&nbsp;zm\u011bn\u011b z\u00e1kona \u010d.&nbsp;365\/2000&nbsp;Sb., o&nbsp;informa\u010dn\u00edch syst\u00e9mech ve\u0159ejn\u00e9 spr\u00e1vy a&nbsp;o&nbsp;zm\u011bn\u011b n\u011bkter\u00fdch dal\u0161\u00edch z\u00e1kon\u016f, ve&nbsp;zn\u011bn\u00ed pozd\u011bj\u0161\u00edch p\u0159edpis\u016f, kter\u00fd prov\u00e1d\u00ed Sm\u011brnici Evropsk\u00e9ho parlamentu a&nbsp;Rady (EU) 2016\/2102 ze&nbsp;dne 26.&nbsp;\u0159\u00edjna&nbsp;2016&nbsp;o&nbsp;p\u0159\u00edstupnosti webov\u00fdch str\u00e1nek a&nbsp;mobiln\u00edch aplikac\u00ed. Prohl\u00e1\u0161en\u00ed p\u0159\u00edstupnosti se&nbsp;vztahuje na&nbsp;n\u00e1sleduj\u00edc\u00ed internetov\u00e9 str\u00e1nky: Struktura informac\u00ed Struktura [&hellip;]<\/p>\n","protected":false},"author":1,"featured_media":0,"parent":11,"menu_order":0,"comment_status":"closed","ping_status":"closed","template":"","meta":{"footnotes":""},"class_list":["post-182","page","type-page","status-publish","hentry"],"_links":{"self":[{"href":"http:\/\/mskosice.cz\/index.php?rest_route=\/wp\/v2\/pages\/182","targetHints":{"allow":["GET"]}}],"collection":[{"href":"http:\/\/mskosice.cz\/index.php?rest_route=\/wp\/v2\/pages"}],"about":[{"href":"http:\/\/mskosice.cz\/index.php?rest_route=\/wp\/v2\/types\/page"}],"author":[{"embeddable":true,"href":"http:\/\/mskosice.cz\/index.php?rest_route=\/wp\/v2\/users\/1"}],"replies":[{"embeddable":true,"href":"http:\/\/mskosice.cz\/index.php?rest_route=%2Fwp%2Fv2%2Fcomments&post=182"}],"version-history":[{"count":1,"href":"http:\/\/mskosice.cz\/index.php?rest_route=\/wp\/v2\/pages\/182\/revisions"}],"predecessor-version":[{"id":183,"href":"http:\/\/mskosice.cz\/index.php?rest_route=\/wp\/v2\/pages\/182\/revisions\/183"}],"up":[{"embeddable":true,"href":"http:\/\/mskosice.cz\/index.php?rest_route=\/wp\/v2\/pages\/11"}],"wp:attachment":[{"href":"http:\/\/mskosice.cz\/index.php?rest_route=%2Fwp%2Fv2%2Fmedia&parent=182"}],"curies":[{"name":"wp","href":"https:\/\/api.w.org\/{rel}","templated":true}]}}